{"id":3,"date":"2018-06-12T16:33:12","date_gmt":"2018-06-12T14:33:12","guid":{"rendered":"https:\/\/odysseuslibre.be\/site\/?page_id=3"},"modified":"2020-04-12T14:39:04","modified_gmt":"2020-04-12T12:39:04","slug":"politique-de-confidentialite","status":"publish","type":"page","link":"https:\/\/odysseuslibre.be\/site\/politique-de-confidentialite\/","title":{"rendered":"Politique de confidentialit\u00e9"},"content":{"rendered":"<h2>Qui sommes-nous\u00a0?<\/h2>\n<p>Quelques <a href=\"https:\/\/odysseuslibre.be\/site\/a-propos\/\">informations \u00e0 mon propos<\/a>.<\/p>\n<h2>Utilisation des donn\u00e9es personnelles collect\u00e9es<\/h2>\n<h3>Commentaires<\/h3>\n<p>Quand vous laissez un commentaire sur notre site web, les donn\u00e9es inscrites dans le formulaire de commentaire, mais aussi votre adresse IP et l\u2019agent utilisateur de votre navigateur sont collect\u00e9s pour nous [<a href=\"https:\/\/fr-be.wordpress.org\/\">WordPress<\/a>] aider \u00e0 la d\u00e9tection des commentaires ind\u00e9sirables [<a href=\"https:\/\/akismet.com\/\">Akismet<\/a>].<\/p>\n<p>Une cha\u00eene anonymis\u00e9e cr\u00e9\u00e9e \u00e0 partir de votre adresse de messagerie (\u00e9galement appel\u00e9e hash) peut \u00eatre envoy\u00e9e au service Gravatar pour v\u00e9rifier si vous utilisez ce dernier. Les clauses de confidentialit\u00e9 du service <a href=\"https:\/\/fr.gravatar.com\/\">Gravatar<\/a> sont disponibles ici\u00a0: <a href=\"https:\/\/automattic.com\/privacy\/\">https:\/\/automattic.com\/privacy\/<\/a>. Apr\u00e8s validation de votre commentaire, votre photo de profil sera visible publiquement \u00e0 cot\u00e9 de votre commentaire.<\/p>\n<h3>Formulaires de contact<\/h3>\n<p>Vous pouvez me contacter \u00e0 partir de <a href=\"https:\/\/odysseuslibre.be\/site\/contact\/\">cette page<\/a>.<\/p>\n<h3>Cookies<\/h3>\n<p>Si vous d\u00e9posez un commentaire sur notre site, il vous sera propos\u00e9 d\u2019enregistrer votre nom, adresse de messagerie et site web dans des cookies. C\u2019est uniquement pour votre confort afin de ne pas avoir \u00e0 saisir ces informations si vous d\u00e9posez un autre commentaire plus tard. Ces cookies expirent au bout d\u2019un an.<\/p>\n<h3>Statistiques et mesures d\u2019audience<\/h3>\n<p>Les statistiques basiques (navigateur, syst\u00e8me d&rsquo;exploitation,&#8230;) sont g\u00e9n\u00e9r\u00e9es via mon h\u00e9bergeur <a href=\"https:\/\/www.o2switch.fr\/\">O2switch<\/a>.<\/p>\n<h2>Utilisation et transmission de vos donn\u00e9es personnelles<\/h2>\n<p>Je n&rsquo;utilise ni ne transmets vos donn\u00e9es personnelles \u00e0 quelque fin que ce soit.<\/p>\n<h2>Dur\u00e9es de stockage de vos donn\u00e9es<\/h2>\n<p>Si vous laissez un commentaire, le commentaire et ses m\u00e9tadonn\u00e9es sont conserv\u00e9s ind\u00e9finiment. Cela permet de reconna\u00eetre et approuver automatiquement les commentaires suivants au lieu de les laisser dans la file de mod\u00e9ration.<\/p>\n<h2>Les droits que vous avez sur vos donn\u00e9es<\/h2>\n<p>Si vous avez laiss\u00e9 des commentaires sur le site, vous pouvez demander la suppression des donn\u00e9es personnelles vous concernant.<\/p>\n<h2>Transmission de vos donn\u00e9es personnelles<\/h2>\n<p>Les commentaires des visiteurs peuvent \u00eatre v\u00e9rifi\u00e9s \u00e0 l\u2019aide d\u2019un service automatis\u00e9 de d\u00e9tection des commentaires ind\u00e9sirables.<\/p>\n<h3><\/h3>\n","protected":false},"excerpt":{"rendered":"<p>Qui sommes-nous\u00a0? Quelques informations \u00e0 mon propos. Utilisation des donn\u00e9es personnelles collect\u00e9es Commentaires Quand vous laissez un commentaire sur notre site web, les donn\u00e9es inscrites dans le formulaire de commentaire, mais aussi votre adresse IP et l\u2019agent utilisateur de votre navigateur sont collect\u00e9s pour nous [WordPress] aider \u00e0 la d\u00e9tection des commentaires ind\u00e9sirables [Akismet]. Une [&hellip;]<\/p>\n","protected":false},"author":1,"featured_media":0,"parent":0,"menu_order":4,"comment_status":"closed","ping_status":"closed","template":"","meta":{"footnotes":""},"class_list":["post-3","page","type-page","status-publish","hentry"],"_links":{"self":[{"href":"https:\/\/odysseuslibre.be\/site\/wp-json\/wp\/v2\/pages\/3","targetHints":{"allow":["GET"]}}],"collection":[{"href":"https:\/\/odysseuslibre.be\/site\/wp-json\/wp\/v2\/pages"}],"about":[{"href":"https:\/\/odysseuslibre.be\/site\/wp-json\/wp\/v2\/types\/page"}],"author":[{"embeddable":true,"href":"https:\/\/odysseuslibre.be\/site\/wp-json\/wp\/v2\/users\/1"}],"replies":[{"embeddable":true,"href":"https:\/\/odysseuslibre.be\/site\/wp-json\/wp\/v2\/comments?post=3"}],"version-history":[{"count":5,"href":"https:\/\/odysseuslibre.be\/site\/wp-json\/wp\/v2\/pages\/3\/revisions"}],"predecessor-version":[{"id":2025,"href":"https:\/\/odysseuslibre.be\/site\/wp-json\/wp\/v2\/pages\/3\/revisions\/2025"}],"wp:attachment":[{"href":"https:\/\/odysseuslibre.be\/site\/wp-json\/wp\/v2\/media?parent=3"}],"curies":[{"name":"wp","href":"https:\/\/api.w.org\/{rel}","templated":true}]}}