{"id":1058,"date":"2018-06-13T19:34:14","date_gmt":"2018-06-13T17:34:14","guid":{"rendered":"https:\/\/odysseuslibre.be\/site\/?page_id=1058"},"modified":"2021-11-10T16:40:58","modified_gmt":"2021-11-10T15:40:58","slug":"a-propos","status":"publish","type":"page","link":"https:\/\/odysseuslibre.be\/site\/a-propos\/","title":{"rendered":"Qui suis-je ?"},"content":{"rendered":"\n<div class=\"wp-block-image\"><figure class=\"aligncenter size-large is-resized\"><img loading=\"lazy\" decoding=\"async\" src=\"https:\/\/odysseuslibre.be\/site\/wp-content\/uploads\/2021\/01\/OdysseusAvatar21.png\" alt=\"\" class=\"wp-image-2411\" width=\"245\" height=\"245\" srcset=\"https:\/\/odysseuslibre.be\/site\/wp-content\/uploads\/2021\/01\/OdysseusAvatar21.png 730w, https:\/\/odysseuslibre.be\/site\/wp-content\/uploads\/2021\/01\/OdysseusAvatar21-300x300.png 300w, https:\/\/odysseuslibre.be\/site\/wp-content\/uploads\/2021\/01\/OdysseusAvatar21-150x150.png 150w, https:\/\/odysseuslibre.be\/site\/wp-content\/uploads\/2021\/01\/OdysseusAvatar21-200x200.png 200w\" sizes=\"auto, (max-width: 245px) 100vw, 245px\" \/><\/figure><\/div>\n\n\n\n<p>Je m\u2019appelle Eric.<br>J\u2019enseigne le n\u00e9erlandais en Belgique aux jeunes de 12-14 ans. Parmi mes hobbies, j\u2019aime contribuer au Libre \u00e0 ma fa\u00e7on.<br>Concernant ce site, tout ce que j\u2019y propose y est fait int\u00e9gralement en amateur avec tous les d\u00e9fauts de fabrication que cela sous-entend. Mais le c\u0153ur y est&nbsp;\ud83d\ude09 .<br>Le site est pour moi un moyen d\u2019expression, un vide t\u00eate, un fourre-tout.<\/p>\n\n\n\n<p><strong>Un bref aper\u00e7u \u00e0 travers la <a href=\"https:\/\/fr.vikidia.org\/wiki\/Odysseus_Libre\">page Vikidia<\/a> cr\u00e9\u00e9e par <a href=\"http:\/\/www.calestampar.org\">Annie<\/a>.<\/strong> (\u00c9norme merci ! )<\/p>\n\n\n\n<p><strong>Pour en savoir davantage, je vous invite \u00e0 lire ces billets<\/strong> :<\/p>\n\n\n\n<p><a rel=\"noreferrer noopener\" href=\"https:\/\/restez-curieux.ovh\/2021\/11\/10\/interview-odysseus-artiste-en-licence-libre\/\" target=\"_blank\">Interview Odysseus, artiste en licence libre<\/a> &#8211; Restez curieux &#8211; 10 novembre 2021<br><a href=\"https:\/\/framablog.org\/2017\/08\/19\/grand-voyage-libre-odysseus\/\">Le grand voyage libre d&rsquo;Odysseus <\/a><em>&#8211; Framablog &#8211; 19 ao\u00fbt 2017<\/em><br><a title=\"Lire\" rel=\"noopener noreferrer\" href=\"http:\/\/abuledu-fr.org\/odysseus-nous-emmene-en-voyage\/\" target=\"_blank\">Odysseus nous emm\u00e8ne en voyage<\/a> &#8211; <em>30 novembre 2014- Association AbulEdu-fr<\/em><br><a title=\"LIre\" rel=\"noopener noreferrer\" href=\"http:\/\/www.framablog.org\/index.php\/post\/2014\/06\/14\/un-abecedaire-libre-contributif-par-et-pour-enfants\" target=\"_blank\">Un ab\u00e9c\u00e9daire libre et contributif par et pour les enfants<\/a> &#8211; <em>6 juin 2014 &#8211; Framablog<\/em><\/p>\n\n\n\n<p><strong>Autres<\/strong><br><a href=\"http:\/\/abcd.abuledu.org\/herve-le-carre\/\" target=\"_blank\" rel=\"noopener noreferrer\"><strong>Herv\u00e9 le Carr\u00e9 et ses copains<\/strong><\/a> sur la plateforme <a href=\"http:\/\/abcd.abuledu.org\" target=\"_blank\" rel=\"noopener noreferrer\">abcd.abuledu<\/a> ouverte par Eric Seigne et aliment\u00e9e par <a href=\"http:\/\/calestampar.org\" target=\"_blank\" rel=\"noopener noreferrer\">Ania Lesca<\/a><\/p>\n\n\n\n<p><a href=\"https:\/\/abuledu-fr.org\/didascalies-pour-abel-bellina\/\">Didascalies<\/a> pour Abel et Bellina (Annie sur <a href=\"http:\/\/www.abuledu-fr.org\">Abuledu-fr<\/a>)<\/p>\n","protected":false},"excerpt":{"rendered":"<p>Je m\u2019appelle Eric.J\u2019enseigne le n\u00e9erlandais en Belgique aux jeunes de 12-14 ans. Parmi mes hobbies, j\u2019aime contribuer au Libre \u00e0 ma fa\u00e7on.Concernant ce site, tout ce que j\u2019y propose y est fait int\u00e9gralement en amateur avec tous les d\u00e9fauts de fabrication que cela sous-entend. Mais le c\u0153ur y est&nbsp;\ud83d\ude09 .Le site est pour moi un [&hellip;]<\/p>\n","protected":false},"author":1,"featured_media":0,"parent":0,"menu_order":1,"comment_status":"closed","ping_status":"closed","template":"","meta":{"footnotes":""},"class_list":["post-1058","page","type-page","status-publish","hentry"],"_links":{"self":[{"href":"https:\/\/odysseuslibre.be\/site\/wp-json\/wp\/v2\/pages\/1058","targetHints":{"allow":["GET"]}}],"collection":[{"href":"https:\/\/odysseuslibre.be\/site\/wp-json\/wp\/v2\/pages"}],"about":[{"href":"https:\/\/odysseuslibre.be\/site\/wp-json\/wp\/v2\/types\/page"}],"author":[{"embeddable":true,"href":"https:\/\/odysseuslibre.be\/site\/wp-json\/wp\/v2\/users\/1"}],"replies":[{"embeddable":true,"href":"https:\/\/odysseuslibre.be\/site\/wp-json\/wp\/v2\/comments?post=1058"}],"version-history":[{"count":10,"href":"https:\/\/odysseuslibre.be\/site\/wp-json\/wp\/v2\/pages\/1058\/revisions"}],"predecessor-version":[{"id":2643,"href":"https:\/\/odysseuslibre.be\/site\/wp-json\/wp\/v2\/pages\/1058\/revisions\/2643"}],"wp:attachment":[{"href":"https:\/\/odysseuslibre.be\/site\/wp-json\/wp\/v2\/media?parent=1058"}],"curies":[{"name":"wp","href":"https:\/\/api.w.org\/{rel}","templated":true}]}}